{"id":51,"date":"2024-10-29T14:32:03","date_gmt":"2024-10-29T13:32:03","guid":{"rendered":"https:\/\/www.masuperlocation.fr\/dijon\/bareme-des-honoraires\/"},"modified":"2025-01-10T09:26:25","modified_gmt":"2025-01-10T08:26:25","slug":"bareme-des-honoraires","status":"publish","type":"page","link":"https:\/\/www.masuperlocation.fr\/dijon\/bareme-des-honoraires\/","title":{"rendered":"Bar\u00e8me des honoraires"},"content":{"rendered":"\t\t<div data-elementor-type=\"wp-page\" data-elementor-id=\"51\" class=\"elementor elementor-51\" data-elementor-post-type=\"page\">\n\t\t\t\t<div class=\"elementor-element elementor-element-9b06495 e-flex e-con-boxed e-con e-parent\" data-id=\"9b06495\" data-element_type=\"container\" data-e-type=\"container\" data-settings=\"{&quot;background_background&quot;:&quot;classic&quot;}\">\n\t\t\t\t\t<div class=\"e-con-inner\">\n\t\t\t\t<div class=\"elementor-element elementor-element-4d15667 elementor-widget elementor-widget-heading\" data-id=\"4d15667\" data-element_type=\"widget\" data-e-type=\"widget\" data-widget_type=\"heading.default\">\n\t\t\t\t<div class=\"elementor-widget-container\">\n\t\t\t\t\t<h1 class=\"elementor-heading-title elementor-size-default\">Bar\u00e8me des honoraires<\/h1>\t\t\t\t<\/div>\n\t\t\t\t<\/div>\n\t\t\t\t\t<\/div>\n\t\t\t\t<\/div>\n\t\t<div class=\"elementor-element elementor-element-7cf8c1a e-flex e-con-boxed e-con e-parent\" data-id=\"7cf8c1a\" data-element_type=\"container\" data-e-type=\"container\" data-settings=\"{&quot;background_background&quot;:&quot;classic&quot;}\">\n\t\t\t\t\t<div class=\"e-con-inner\">\n\t\t\t\t<div class=\"elementor-element elementor-element-e0a6aaf elementor-widget elementor-widget-spacer\" data-id=\"e0a6aaf\" data-element_type=\"widget\" data-e-type=\"widget\" data-widget_type=\"spacer.default\">\n\t\t\t\t<div class=\"elementor-widget-container\">\n\t\t\t\t\t\t\t<div class=\"elementor-spacer\">\n\t\t\t<div class=\"elementor-spacer-inner\"><\/div>\n\t\t<\/div>\n\t\t\t\t\t\t<\/div>\n\t\t\t\t<\/div>\n\t\t\t\t<div class=\"elementor-element elementor-element-34d4775 elementor-widget elementor-widget-heading\" data-id=\"34d4775\" data-element_type=\"widget\" data-e-type=\"widget\" data-widget_type=\"heading.default\">\n\t\t\t\t<div class=\"elementor-widget-container\">\n\t\t\t\t\t<h3 class=\"elementor-heading-title elementor-size-default\">Honoraire \u00e0 charges locataire<\/h3>\t\t\t\t<\/div>\n\t\t\t\t<\/div>\n\t\t<div class=\"elementor-element elementor-element-73ffe74 e-con-full e-flex e-con e-child\" data-id=\"73ffe74\" data-element_type=\"container\" data-e-type=\"container\">\n\t\t\t\t<div class=\"elementor-element elementor-element-7dea287 elementor-widget elementor-widget-heading\" data-id=\"7dea287\" data-element_type=\"widget\" data-e-type=\"widget\" data-widget_type=\"heading.default\">\n\t\t\t\t<div class=\"elementor-widget-container\">\n\t\t\t\t\t<h5 class=\"elementor-heading-title elementor-size-default\">Zone non-tendue :<\/h5>\t\t\t\t<\/div>\n\t\t\t\t<\/div>\n\t\t\t\t<div class=\"elementor-element elementor-element-e17c4dd elementor-widget elementor-widget-price-list\" data-id=\"e17c4dd\" data-element_type=\"widget\" data-e-type=\"widget\" data-widget_type=\"price-list.default\">\n\t\t\t\t<div class=\"elementor-widget-container\">\n\t\t\t\t\t\n\t\t<ul class=\"elementor-price-list\">\n\n\t\t\t\t\t\t\t\t\t<li><a class=\"elementor-price-list-item\" href=\"#\">\t\t\t\t\n\t\t\t\t<div class=\"elementor-price-list-text\">\n\t\t\t\t\t\t\t\t\t<div class=\"elementor-price-list-header\">\n\t\t\t\t\t\t\t\t\t\t\t<span class=\"elementor-price-list-title\">\n\t\t\t\t\t\t\tHonoraires de visites, de constitution du dossier locataire et de r\u00e9daction de bail\t\t\t\t\t\t<\/span>\n\t\t\t\t\t\t\t\t\t\t\t\t\t\t\t\t\t\t\t\t\t\t\t\t<span class=\"elementor-price-list-price\">8\u20ac du m<sup>2<\/sup><\/span>\n\t\t\t\t\t\t\t\t\t\t<\/div>\n\t\t\t\t\t\t\t\t\t\t\t\t<\/div>\n\t\t\t\t<\/a><\/li>\t\t\t\t\t\t\t\t\t\t\t\t<li><a class=\"elementor-price-list-item\" href=\"#\">\t\t\t\t\n\t\t\t\t<div class=\"elementor-price-list-text\">\n\t\t\t\t\t\t\t\t\t<div class=\"elementor-price-list-header\">\n\t\t\t\t\t\t\t\t\t\t\t<span class=\"elementor-price-list-title\">\n\t\t\t\t\t\t\tHonoraires de r\u00e9alisation de l'\u00e9tat des lieux\t\t\t\t\t\t<\/span>\n\t\t\t\t\t\t\t\t\t\t\t\t\t\t\t\t\t\t\t\t\t\t\t\t<span class=\"elementor-price-list-price\">3\u20ac du m<sup>2<\/sup><\/span>\n\t\t\t\t\t\t\t\t\t\t<\/div>\n\t\t\t\t\t\t\t\t\t\t\t\t\t\t\t<p class=\"elementor-price-list-description\">\n\t\t\t\t\t\t\tLes \u00e9tats des lieux de sortie pour les locataires non install\u00e9s par l\u2019agence seront factur\u00e9s sur le m\u00eame bar\u00e8me que celui de l\u2019\u00e9tat des lieux d\u2019entr\u00e9e ci-dessus.\t\t\t\t\t\t<\/p>\n\t\t\t\t\t\t\t\t<\/div>\n\t\t\t\t<\/a><\/li>\t\t\t\t\t\n\t\t<\/ul>\n\n\t\t\t\t\t\t<\/div>\n\t\t\t\t<\/div>\n\t\t\t\t<div class=\"elementor-element elementor-element-a7918a7 elementor-widget elementor-widget-heading\" data-id=\"a7918a7\" data-element_type=\"widget\" data-e-type=\"widget\" data-widget_type=\"heading.default\">\n\t\t\t\t<div class=\"elementor-widget-container\">\n\t\t\t\t\t<h5 class=\"elementor-heading-title elementor-size-default\">Zone tendue :<\/h5>\t\t\t\t<\/div>\n\t\t\t\t<\/div>\n\t\t\t\t<div class=\"elementor-element elementor-element-4cc2cc1 elementor-widget elementor-widget-price-list\" data-id=\"4cc2cc1\" data-element_type=\"widget\" data-e-type=\"widget\" data-widget_type=\"price-list.default\">\n\t\t\t\t<div class=\"elementor-widget-container\">\n\t\t\t\t\t\n\t\t<ul class=\"elementor-price-list\">\n\n\t\t\t\t\t\t\t\t\t<li><a class=\"elementor-price-list-item\" href=\"#\">\t\t\t\t\n\t\t\t\t<div class=\"elementor-price-list-text\">\n\t\t\t\t\t\t\t\t\t<div class=\"elementor-price-list-header\">\n\t\t\t\t\t\t\t\t\t\t\t<span class=\"elementor-price-list-title\">\n\t\t\t\t\t\t\tHonoraires de visites, de constitution du dossier du locataire et de r\u00e9daction de bail\t\t\t\t\t\t<\/span>\n\t\t\t\t\t\t\t\t\t\t\t\t\t\t\t\t\t\t\t\t\t\t\t\t<span class=\"elementor-price-list-price\">10\u20ac du m<sup>2<\/sup><\/span>\n\t\t\t\t\t\t\t\t\t\t<\/div>\n\t\t\t\t\t\t\t\t\t\t\t\t<\/div>\n\t\t\t\t<\/a><\/li>\t\t\t\t\t\t\t\t\t\t\t\t<li><a class=\"elementor-price-list-item\" href=\"#\">\t\t\t\t\n\t\t\t\t<div class=\"elementor-price-list-text\">\n\t\t\t\t\t\t\t\t\t<div class=\"elementor-price-list-header\">\n\t\t\t\t\t\t\t\t\t\t\t<span class=\"elementor-price-list-title\">\n\t\t\t\t\t\t\tHonoraires de r\u00e9alisation de l\u2019\u00e9tat des lieux\t\t\t\t\t\t<\/span>\n\t\t\t\t\t\t\t\t\t\t\t\t\t\t\t\t\t\t\t\t\t\t\t\t<span class=\"elementor-price-list-price\">3\u20ac du m<sup>2<\/sup><\/span>\n\t\t\t\t\t\t\t\t\t\t<\/div>\n\t\t\t\t\t\t\t\t\t\t\t\t\t\t\t<p class=\"elementor-price-list-description\">\n\t\t\t\t\t\t\tLes \u00e9tats des lieux de sortie pour les locataires non install\u00e9s par l\u2019agence seront factur\u00e9s sur le m\u00eame bar\u00e8me que celui de l\u2019\u00e9tat des lieux d\u2019entr\u00e9e ci-dessus.\t\t\t\t\t\t<\/p>\n\t\t\t\t\t\t\t\t<\/div>\n\t\t\t\t<\/a><\/li>\t\t\t\t\t\n\t\t<\/ul>\n\n\t\t\t\t\t\t<\/div>\n\t\t\t\t<\/div>\n\t\t\t\t<\/div>\n\t\t\t\t<div class=\"elementor-element elementor-element-7fa3952 elementor-widget-divider--view-line elementor-widget elementor-widget-divider\" data-id=\"7fa3952\" data-element_type=\"widget\" data-e-type=\"widget\" data-widget_type=\"divider.default\">\n\t\t\t\t<div class=\"elementor-widget-container\">\n\t\t\t\t\t\t\t<div class=\"elementor-divider\">\n\t\t\t<span class=\"elementor-divider-separator\">\n\t\t\t\t\t\t<\/span>\n\t\t<\/div>\n\t\t\t\t\t\t<\/div>\n\t\t\t\t<\/div>\n\t\t<div class=\"elementor-element elementor-element-7f34189 e-con-full e-flex e-con e-child\" data-id=\"7f34189\" data-element_type=\"container\" data-e-type=\"container\">\n\t\t\t\t<div class=\"elementor-element elementor-element-ae1e095 elementor-widget elementor-widget-heading\" data-id=\"ae1e095\" data-element_type=\"widget\" data-e-type=\"widget\" data-widget_type=\"heading.default\">\n\t\t\t\t<div class=\"elementor-widget-container\">\n\t\t\t\t\t<h3 class=\"elementor-heading-title elementor-size-default\">Honoraires \u00e0 la charge du propri\u00e9taire <\/h3>\t\t\t\t<\/div>\n\t\t\t\t<\/div>\n\t\t<div class=\"elementor-element elementor-element-c02dfa2 e-con-full e-flex e-con e-child\" data-id=\"c02dfa2\" data-element_type=\"container\" data-e-type=\"container\">\n\t\t\t\t<div class=\"elementor-element elementor-element-c96da94 elementor-widget elementor-widget-price-list\" data-id=\"c96da94\" data-element_type=\"widget\" data-e-type=\"widget\" data-widget_type=\"price-list.default\">\n\t\t\t\t<div class=\"elementor-widget-container\">\n\t\t\t\t\t\n\t\t<ul class=\"elementor-price-list\">\n\n\t\t\t\t\t\t\t\t\t<li><a class=\"elementor-price-list-item\" href=\"#\">\t\t\t\t\n\t\t\t\t<div class=\"elementor-price-list-text\">\n\t\t\t\t\t\t\t\t\t<div class=\"elementor-price-list-header\">\n\t\t\t\t\t\t\t\t\t\t\t<span class=\"elementor-price-list-title\">\n\t\t\t\t\t\t\tMise en location\t\t\t\t\t\t<\/span>\n\t\t\t\t\t\t\t\t\t\t\t\t\t\t\t\t\t\t\t\t\t\t\t\t<span class=\"elementor-price-list-price\">un mois de loyer hors charges<\/span>\n\t\t\t\t\t\t\t\t\t\t<\/div>\n\t\t\t\t\t\t\t\t\t\t\t\t\t\t\t<p class=\"elementor-price-list-description\">\n\t\t\t\t\t\t\tVisite, constitution du dossier, r\u00e9daction du bail, entremise et n\u00e9gociation, r\u00e9alisation de l\u2019\u00e9tat des lieux d\u2019entr\u00e9e\t\t\t\t\t\t<\/p>\n\t\t\t\t\t\t\t\t<\/div>\n\t\t\t\t<\/a><\/li>\t\t\t\t\t\t\t\t\t\t\t\t<li><a class=\"elementor-price-list-item\" href=\"#\">\t\t\t\t\n\t\t\t\t<div class=\"elementor-price-list-text\">\n\t\t\t\t\t\t\t\t\t<div class=\"elementor-price-list-header\">\n\t\t\t\t\t\t\t\t\t\t\t<span class=\"elementor-price-list-title\">\n\t\t\t\t\t\t\tHonoraires de gestion\t\t\t\t\t\t<\/span>\n\t\t\t\t\t\t\t\t\t\t\t\t\t\t\t\t\t\t\t\t\t\t\t\t<span class=\"elementor-price-list-price\">7,3% HT du loyer charges comprises<\/span>\n\t\t\t\t\t\t\t\t\t\t<\/div>\n\t\t\t\t\t\t\t\t\t\t\t\t\t\t\t<p class=\"elementor-price-list-description\">\n\t\t\t\t\t\t\t(Conditions sp\u00e9ciales : produits premium et d\u00e9gressivit\u00e9 en fonction du nombre de lots confi\u00e9s)\t\t\t\t\t\t<\/p>\n\t\t\t\t\t\t\t\t<\/div>\n\t\t\t\t<\/a><\/li>\t\t\t\t\t\n\t\t<\/ul>\n\n\t\t\t\t\t\t<\/div>\n\t\t\t\t<\/div>\n\t\t<div class=\"elementor-element elementor-element-9a01332 e-con-full e-flex e-con e-child\" data-id=\"9a01332\" data-element_type=\"container\" data-e-type=\"container\">\n\t\t\t\t<div class=\"elementor-element elementor-element-6187226 elementor-widget elementor-widget-heading\" data-id=\"6187226\" data-element_type=\"widget\" data-e-type=\"widget\" data-widget_type=\"heading.default\">\n\t\t\t\t<div class=\"elementor-widget-container\">\n\t\t\t\t\t<p class=\"elementor-heading-title elementor-size-default\">incluant : <\/p>\t\t\t\t<\/div>\n\t\t\t\t<\/div>\n\t\t\t\t<div class=\"elementor-element elementor-element-332f5b9 elementor-widget elementor-widget-heading\" data-id=\"332f5b9\" data-element_type=\"widget\" data-e-type=\"widget\" data-widget_type=\"heading.default\">\n\t\t\t\t<div class=\"elementor-widget-container\">\n\t\t\t\t\t<span class=\"elementor-heading-title elementor-size-default\">La Gestion administrative :<\/span>\t\t\t\t<\/div>\n\t\t\t\t<\/div>\n\t\t\t\t<div class=\"elementor-element elementor-element-7b67f65 elementor-widget elementor-widget-text-editor\" data-id=\"7b67f65\" data-element_type=\"widget\" data-e-type=\"widget\" data-widget_type=\"text-editor.default\">\n\t\t\t\t<div class=\"elementor-widget-container\">\n\t\t\t\t\t\t\t\t\t<ul><li>Point sur l&#8217;assurance Propri\u00e9taire Non Occupant devis + souscription si besoin<\/li><li>Demande et v\u00e9rification de l&#8217;attestation d&#8217;assurance du locataire<\/li><li>Gestion du dossier de souscription Garantie Loyer Impay\u00e9 (GLI) si besoin<\/li><li>Appels des loyers, suivi des encaissements, quittances<\/li><li>Charges exceptionnelles et r\u00e9gularisation annuelle de charges<\/li><li>R\u00e9vision annuelle des loyers selon politique du propri\u00e9taire<\/li><li>Visite annuelle de courtoisie et de contr\u00f4le du logement avec rapport<\/li><li>Compte-rendu de gestion mensuel, et annuel d&#8217;aide \u00e0 la d\u00e9claration<\/li><li>Relances des retards et impay\u00e9s \u00e9ventuels<\/li><li>Gestion des litiges et ouvertures de proc\u00e9dures \u00e9ventuelles<\/li><li>R\u00e9ception de pr\u00e9avis en ligne avec remise automatique de l&#8217;annonce<\/li><li>R\u00e9gularisation des charges de sortie, gestion du d\u00e9p\u00f4t de garantie<\/li><\/ul>\t\t\t\t\t\t\t\t<\/div>\n\t\t\t\t<\/div>\n\t\t\t\t<div class=\"elementor-element elementor-element-2009d8d elementor-widget elementor-widget-heading\" data-id=\"2009d8d\" data-element_type=\"widget\" data-e-type=\"widget\" data-widget_type=\"heading.default\">\n\t\t\t\t<div class=\"elementor-widget-container\">\n\t\t\t\t\t<h6 class=\"elementor-heading-title elementor-size-default\">La Gestion technique :<\/h6>\t\t\t\t<\/div>\n\t\t\t\t<\/div>\n\t\t\t\t<div class=\"elementor-element elementor-element-203c40f elementor-widget elementor-widget-text-editor\" data-id=\"203c40f\" data-element_type=\"widget\" data-e-type=\"widget\" data-widget_type=\"text-editor.default\">\n\t\t\t\t<div class=\"elementor-widget-container\">\n\t\t\t\t\t\t\t\t\t<ul><li>Gestion des incidents<\/li><li>Sollicitation des artisans, analyse des devis, validation<\/li><li>Suivi des interventions, rapport + photos, validation et r\u00e8glements<\/li><li>Conciergerie 24\/7\/365<\/li><\/ul>\t\t\t\t\t\t\t\t<\/div>\n\t\t\t\t<\/div>\n\t\t\t\t<div class=\"elementor-element elementor-element-f8bc8ff elementor-widget elementor-widget-heading\" data-id=\"f8bc8ff\" data-element_type=\"widget\" data-e-type=\"widget\" data-widget_type=\"heading.default\">\n\t\t\t\t<div class=\"elementor-widget-container\">\n\t\t\t\t\t<h6 class=\"elementor-heading-title elementor-size-default\">Autres prestations :<\/h6>\t\t\t\t<\/div>\n\t\t\t\t<\/div>\n\t\t\t\t<div class=\"elementor-element elementor-element-a5d5b8f elementor-widget elementor-widget-text-editor\" data-id=\"a5d5b8f\" data-element_type=\"widget\" data-e-type=\"widget\" data-widget_type=\"text-editor.default\">\n\t\t\t\t<div class=\"elementor-widget-container\">\n\t\t\t\t\t\t\t\t\t<p>Les interventions non incluses dans les prestations de gestion courante mentionn\u00e9es ci-dessus seront r\u00e9alis\u00e9es en r\u00e9gie, sur la base d\u2019un tarif horaire de 85\u20ac HT, avec un minimum d\u2019une heure factur\u00e9e.<\/p>\t\t\t\t\t\t\t\t<\/div>\n\t\t\t\t<\/div>\n\t\t\t\t<\/div>\n\t\t\t\t<\/div>\n\t\t\t\t<div class=\"elementor-element elementor-element-b251668 elementor-widget elementor-widget-heading\" data-id=\"b251668\" data-element_type=\"widget\" data-e-type=\"widget\" data-widget_type=\"heading.default\">\n\t\t\t\t<div class=\"elementor-widget-container\">\n\t\t\t\t\t<h6 class=\"elementor-heading-title elementor-size-default\">Cas d'un bail commercial :<\/h6>\t\t\t\t<\/div>\n\t\t\t\t<\/div>\n\t\t\t\t<div class=\"elementor-element elementor-element-015ed21 elementor-widget elementor-widget-text-editor\" data-id=\"015ed21\" data-element_type=\"widget\" data-e-type=\"widget\" data-widget_type=\"text-editor.default\">\n\t\t\t\t<div class=\"elementor-widget-container\">\n\t\t\t\t\t\t\t\t\t<p>Les honoraires de mise en location et de gestion sont n\u00e9goci\u00e9s forfaitairement au cas par cas.<\/p>\t\t\t\t\t\t\t\t<\/div>\n\t\t\t\t<\/div>\n\t\t\t\t<\/div>\n\t\t\t\t\t<\/div>\n\t\t\t\t<\/div>\n\t\t<div class=\"elementor-element elementor-element-18f7969 e-flex e-con-boxed e-con e-parent\" data-id=\"18f7969\" data-element_type=\"container\" data-e-type=\"container\">\n\t\t\t\t\t<div class=\"e-con-inner\">\n\t\t\t\t<div class=\"elementor-element elementor-element-80f936d elementor-widget-divider--view-line elementor-widget elementor-widget-divider\" data-id=\"80f936d\" data-element_type=\"widget\" data-e-type=\"widget\" data-widget_type=\"divider.default\">\n\t\t\t\t<div class=\"elementor-widget-container\">\n\t\t\t\t\t\t\t<div class=\"elementor-divider\">\n\t\t\t<span class=\"elementor-divider-separator\">\n\t\t\t\t\t\t<\/span>\n\t\t<\/div>\n\t\t\t\t\t\t<\/div>\n\t\t\t\t<\/div>\n\t\t<div class=\"elementor-element elementor-element-23fbc17 e-con-full e-flex e-con e-child\" data-id=\"23fbc17\" data-element_type=\"container\" data-e-type=\"container\">\n\t\t\t\t<div class=\"elementor-element elementor-element-53cdabe elementor-widget elementor-widget-heading\" data-id=\"53cdabe\" data-element_type=\"widget\" data-e-type=\"widget\" data-widget_type=\"heading.default\">\n\t\t\t\t<div class=\"elementor-widget-container\">\n\t\t\t\t\t<h3 class=\"elementor-heading-title elementor-size-default\">Honoraires d'achat et vente<\/h3>\t\t\t\t<\/div>\n\t\t\t\t<\/div>\n\t\t\t\t<div class=\"elementor-element elementor-element-df35e15 elementor-widget elementor-widget-text-editor\" data-id=\"df35e15\" data-element_type=\"widget\" data-e-type=\"widget\" data-widget_type=\"text-editor.default\">\n\t\t\t\t<div class=\"elementor-widget-container\">\n\t\t\t\t\t\t\t\t\t<p>Tarifs applicables \u00e0 partir du 1er janvier 2024<br \/>*T.V.A : 20% &#8211; Honoraires \u00e0 la charge du vendeur sauf stipulations contraires pr\u00e9vues au mandat.<\/p>\t\t\t\t\t\t\t\t<\/div>\n\t\t\t\t<\/div>\n\t\t\t\t<\/div>\n\t\t\t\t\t<\/div>\n\t\t\t\t<\/div>\n\t\t<div class=\"elementor-element elementor-element-ff71b7a e-flex e-con-boxed e-con e-parent\" data-id=\"ff71b7a\" data-element_type=\"container\" data-e-type=\"container\">\n\t\t\t\t\t<div class=\"e-con-inner\">\n\t\t\t\t<div class=\"elementor-element elementor-element-582aa55 elementor-widget elementor-widget-text-editor\" data-id=\"582aa55\" data-element_type=\"widget\" data-e-type=\"widget\" data-widget_type=\"text-editor.default\">\n\t\t\t\t<div class=\"elementor-widget-container\">\n\t\t\t\t\t\t\t\t\t<table>\n<thead>\n<tr>\n<th style=\"padding: 8px; text-align: center;\">Prix de vente<\/th>\n<th style=\"padding: 8px; text-align: center;\">HT *<\/th>\n<th style=\"padding: 8px; text-align: center;\">TTC *<\/th>\n<\/tr>\n<\/thead>\n<tbody>\n<tr style=\"background-color: #f0f4f7;\">\n<td style=\"padding: 8px; text-align: left;\">Jusqu&#8217;\u00e0 50 000 \u20ac<\/td>\n<td style=\"padding: 8px; text-align: center;\">4 167 \u20ac<\/td>\n<td style=\"padding: 8px; text-align: center;\">5 000 \u20ac<\/td>\n<\/tr>\n<tr>\n<td style=\"padding: 8px; text-align: left;\">De 50 001 \u20ac \u00e0 80 000 \u20ac<\/td>\n<td style=\"padding: 8px; text-align: center;\">8,33 %<\/td>\n<td style=\"padding: 8px; text-align: center;\">10,00 %<\/td>\n<\/tr>\n<tr style=\"background-color: #f0f4f7;\">\n<td style=\"padding: 8px; text-align: left;\">De 80 001 \u20ac \u00e0 140 000 \u20ac<\/td>\n<td style=\"padding: 8px; text-align: center;\">7,50 %<\/td>\n<td style=\"padding: 8px; text-align: center;\">9,00 %<\/td>\n<\/tr>\n<tr>\n<td style=\"padding: 8px; text-align: left;\">De 140 001 \u20ac \u00e0 170 000 \u20ac<\/td>\n<td style=\"padding: 8px; text-align: center;\">6,67 %<\/td>\n<td style=\"padding: 8px; text-align: center;\">8,00 %<\/td>\n<\/tr>\n<tr style=\"background-color: #f0f4f7;\">\n<td style=\"padding: 8px; text-align: left;\">De 170 001 \u20ac \u00e0 250 000 \u20ac<\/td>\n<td style=\"padding: 8px; text-align: center;\">5,83 %<\/td>\n<td style=\"padding: 8px; text-align: center;\">7,00 %<\/td>\n<\/tr>\n<tr>\n<td style=\"padding: 8px; text-align: left;\">Au-del\u00e0 de 250 000 \u20ac<\/td>\n<td style=\"padding: 8px; text-align: center;\">5,00 %<\/td>\n<td style=\"padding: 8px; text-align: center;\">6,00 %<\/td>\n<\/tr>\n<\/tbody>\n<\/table>\t\t\t\t\t\t\t\t<\/div>\n\t\t\t\t<\/div>\n\t\t\t\t\t<\/div>\n\t\t\t\t<\/div>\n\t\t\t\t<\/div>\n\t\t","protected":false},"excerpt":{"rendered":"<p>Bar\u00e8me des honoraires Honoraire \u00e0 charges locataire Zone non-tendue : Honoraires de visites, de constitution du dossier locataire et de r\u00e9daction de bail 8\u20ac du m2 Honoraires de r\u00e9alisation de l&#8217;\u00e9tat des lieux 3\u20ac du m2 Les \u00e9tats des lieux de sortie pour les locataires non install\u00e9s par l\u2019agence seront factur\u00e9s sur le m\u00eame bar\u00e8me [&hellip;]<\/p>\n","protected":false},"author":1,"featured_media":0,"parent":0,"menu_order":0,"comment_status":"closed","ping_status":"closed","template":"elementor_header_footer","meta":{"_seopress_robots_primary_cat":"","_seopress_titles_title":"","_seopress_titles_desc":"","_seopress_robots_index":"","om_disable_all_campaigns":false,"_uf_show_specific_survey":0,"_uf_disable_surveys":false,"footnotes":""},"class_list":["post-51","page","type-page","status-publish","hentry"],"_links":{"self":[{"href":"https:\/\/www.masuperlocation.fr\/dijon\/wp-json\/wp\/v2\/pages\/51","targetHints":{"allow":["GET"]}}],"collection":[{"href":"https:\/\/www.masuperlocation.fr\/dijon\/wp-json\/wp\/v2\/pages"}],"about":[{"href":"https:\/\/www.masuperlocation.fr\/dijon\/wp-json\/wp\/v2\/types\/page"}],"author":[{"embeddable":true,"href":"https:\/\/www.masuperlocation.fr\/dijon\/wp-json\/wp\/v2\/users\/1"}],"replies":[{"embeddable":true,"href":"https:\/\/www.masuperlocation.fr\/dijon\/wp-json\/wp\/v2\/comments?post=51"}],"version-history":[{"count":8,"href":"https:\/\/www.masuperlocation.fr\/dijon\/wp-json\/wp\/v2\/pages\/51\/revisions"}],"predecessor-version":[{"id":6384,"href":"https:\/\/www.masuperlocation.fr\/dijon\/wp-json\/wp\/v2\/pages\/51\/revisions\/6384"}],"wp:attachment":[{"href":"https:\/\/www.masuperlocation.fr\/dijon\/wp-json\/wp\/v2\/media?parent=51"}],"curies":[{"name":"wp","href":"https:\/\/api.w.org\/{rel}","templated":true}]}}